{"id":18,"date":"2011-07-12T13:16:35","date_gmt":"2011-07-12T11:16:35","guid":{"rendered":"http:\/\/www.lenuoverepubblichemarinare.it\/?page_id=18"},"modified":"2011-07-26T08:29:21","modified_gmt":"2011-07-26T06:29:21","slug":"manifesto-fondativo","status":"publish","type":"page","link":"https:\/\/www.lenuoverepubblichemarinare.it\/?page_id=18","title":{"rendered":"Manifesto fondativo"},"content":{"rendered":"<h2 align=\"center\"><strong>Le Nuove Repubbliche Marinare<br \/>\n<\/strong><strong>e le sue Confraternite<br \/>\n<\/strong><strong>rappresentano il<br \/>\n<\/strong><strong>Popolo dei \u201cLudonauti\u201d<\/strong><\/h2>\n<h3 align=\"center\"><span class=\"Apple-style-span\" style=\"font-size: 13px; font-weight: normal;\"><strong>PREMESSA<\/strong><\/span><\/h3>\n<h3 align=\"center\"><span class=\"Apple-style-span\" style=\"font-size: 20px; font-weight: bold;\">I \u201cLudonauti\u201d, spiriti liberi del mondo,condividono una bandiera e i suoi simboli perch\u00e9 amano e vivono il mare, immersi nel sogno giovanile dell\u2019avventura, sono ancora capaci di giocare fantasticando e da questa ricchezza traggono l\u2019energia per sostenere principi morali universali, con codici scritti innanzitutto nel cuore.<\/span><\/h3>\n<h3 style=\"text-align: center;\">I\u201dLudonauti\u201d nell&#8217;entroterra si riuniscono in Confraternite.<br \/>\nSe in localit\u00e0 marittime danno luogo alle \u201cNuove Repubbliche Marinare\u201d<\/h3>\n<p>&nbsp;<\/p>\n<p>Il \u201cMare della rete informatica\u201d \u00e8 riconosciuto come il supporto democratico per la gestione degli obbiettivi, per lo scambio delle informazioni, archivio riservato di tutto il progetto.<\/p>\n<p>&nbsp;<\/p>\n<p align=\"center\"><strong>I Ludonauti di Terra e di Mare si riconoscono nell&#8217;armonia dei valori che il \u201c Mare\u201d genera<br \/>\ne ad esso affidano il loro cuore\u00a0<\/strong><strong>i sogni, le speranze, la vita.<br \/>\n<\/strong><strong>Rispettano la sua Furia, godono della sua Pace.<\/strong><\/p>\n<p>&nbsp;<\/p>\n<h4><strong>Obiettivi e finalit\u00e0<\/strong><\/h4>\n<p>Difendere e promuovere nel mondo il principio simbiotico <span style=\"text-decoration: underline;\">Acqua\/Vita<\/span> individuando nel \u201cMare\u201d e nella sua tutela <span style=\"text-decoration: underline;\">il fulcro<\/span> collante del loro impegno etico.<\/p>\n<p><strong>L\u2019acqua<\/strong>, oro blu, <span style=\"text-decoration: underline;\">non deve avere padroni<\/span>, \u00e8 patrimonio essenziale per la vita e, come tale, <span style=\"text-decoration: underline;\">deve essere di tutti e protetta da tutti<\/span>.<\/p>\n<p>&nbsp;<\/p>\n<h4><strong>Superare le logiche della competizione per capire meglio il valore dell\u2019amicizia<\/strong><\/h4>\n<p>Arrivare primi, solo per il piacere di offrire la mano all\u2019amico che segue, nella consapevolezza che la condivisione delle mete \u00e8 la pi\u00f9 grande vittoria e il pi\u00f9 significativo trofeo.<\/p>\n<p>La velocit\u00e0 \u00e8 utile solo per sfuggire alle tempeste<\/p>\n<p>&nbsp;<\/p>\n<h4><strong>Amicizia <\/strong><\/h4>\n<p>Espressa attraverso <strong>ospitalit\u00e0<\/strong>, <strong>assistenza<\/strong>, <strong>collaborazione<\/strong> e <strong>gentilezza<\/strong> affettuosa saranno comportamenti distintivi dei Ludonauti<\/p>\n<p>&nbsp;<\/p>\n<h4><strong>Sostenere i giovani <\/strong><\/h4>\n<p>Comunicando tutti i valori e le conoscenze amichevoli del sodalizio, perch\u00e9 divengano solido scafo per solcare responsabilmente il mare della vita.<\/p>\n<p>I Ludonauti non hanno scopo di lucro e i proventi che si dovessero generare saranno destinati a progetti umanitari, cos\u00ec da costituire un patrimonio di realizzazioni di cui essere fieri<\/p>\n<p>La bandiera dei Ludonauti \u00e8 simbolo di identit\u00e0 e di appartenenza di cui essere fieri e la sua esibizione sar\u00e0 fonte di orgoglio cos\u00ec come il distintivo:<\/p>\n<p>Il saluto si evidenzia portando la mano destra al petto con pollice e mignolo tangenti, le restanti dita a tridente.<\/p>\n<p>&nbsp;<\/p>\n<h4>LA CONFRATERNITA DEI LUDONAUTI \u00e8 cosi strutturata:<\/h4>\n<ul>\n<li><strong>Ludonauti Marinai<\/strong><br \/>\nCos\u00ec si definiscono tutti coloro che solcano il Mare con un qualunque scafo.<\/li>\n<li><strong>Ludonauti di Battigia<\/strong><br \/>\nsono individuati in coloro che,tengono il cuore in mare e spesso i piedi a terra: pescatori, nuotatori, immersionisti.<\/li>\n<li><strong>Ludonauti di Terra<br \/>\n<\/strong>sono tutti coloro che appena possono rispondono al richiamo del Mare raggiungendolo<\/li>\n<\/ul>\n<p><strong>\u201cIl Concione dei Ludonauti\u201d<\/strong> \u00e8 Assemblea dei Ludonauti di Terra e di Mare e sar\u00e0 convocato almeno una volta l&#8217;anno, in occasione del solstizio di primavera per fare il suo bilancio critico, per progettare le nuove strategie per il futuro. Il tutto nel Mare informatico.<\/p>\n","protected":false},"excerpt":{"rendered":"<p>Le Nuove Repubbliche Marinare e le sue Confraternite rappresentano il Popolo dei \u201cLudonauti\u201d PREMESSA I \u201cLudonauti\u201d, spiriti liberi del mondo,condividono una bandiera e i suoi simboli perch\u00e9 amano e vivono [&hellip;]<\/p>\n","protected":false},"author":17,"featured_media":0,"parent":0,"menu_order":0,"comment_status":"open","ping_status":"closed","template":"page-full-width.php","meta":{"footnotes":""},"class_list":["post-18","page","type-page","status-publish","hentry"],"_links":{"self":[{"href":"https:\/\/www.lenuoverepubblichemarinare.it\/index.php?rest_route=\/wp\/v2\/pages\/18"}],"collection":[{"href":"https:\/\/www.lenuoverepubblichemarinare.it\/index.php?rest_route=\/wp\/v2\/pages"}],"about":[{"href":"https:\/\/www.lenuoverepubblichemarinare.it\/index.php?rest_route=\/wp\/v2\/types\/page"}],"author":[{"embeddable":true,"href":"https:\/\/www.lenuoverepubblichemarinare.it\/index.php?rest_route=\/wp\/v2\/users\/17"}],"replies":[{"embeddable":true,"href":"https:\/\/www.lenuoverepubblichemarinare.it\/index.php?rest_route=%2Fwp%2Fv2%2Fcomments&post=18"}],"version-history":[{"count":14,"href":"https:\/\/www.lenuoverepubblichemarinare.it\/index.php?rest_route=\/wp\/v2\/pages\/18\/revisions"}],"predecessor-version":[{"id":42,"href":"https:\/\/www.lenuoverepubblichemarinare.it\/index.php?rest_route=\/wp\/v2\/pages\/18\/revisions\/42"}],"wp:attachment":[{"href":"https:\/\/www.lenuoverepubblichemarinare.it\/index.php?rest_route=%2Fwp%2Fv2%2Fmedia&parent=18"}],"curies":[{"name":"wp","href":"https:\/\/api.w.org\/{rel}","templated":true}]}}