{"id":2,"date":"2011-06-29T10:34:41","date_gmt":"2011-06-29T10:34:41","guid":{"rendered":"http:\/\/lenuoverepubblichemarinare.it\/?page_id=2"},"modified":"2011-07-26T08:18:55","modified_gmt":"2011-07-26T06:18:55","slug":"sample-page","status":"publish","type":"page","link":"https:\/\/www.lenuoverepubblichemarinare.it\/?page_id=2","title":{"rendered":"Dichiarazione di impegno per chi desidera considerarsi &#8220;Ludonauta effettivo&#8221; di Terra o di Mare de Le nuove Repubbliche Marinare"},"content":{"rendered":"<p>Io Sottoscritto, prometto che difender\u00f2 il \u201cMare\u201de l&#8217;armonia dei suoi valori\u00a0 a Lui affido il mio cuore, i sogni le speranze, la vita. Rispetter\u00f2 la sua Furia, godr\u00f2 della sua Pace. Sfider\u00f2 come un faro solo il buio del mio cuore, per indicare e condividere piacevolmente con tutti le mete raggiunte.<\/p>\n<p>Ci\u00f2 detto,<\/p>\n<p style=\"text-align: center;\"><strong>prometto che<\/strong><\/p>\n<p>mi impegner\u00f2 con <strong>PASSIONE, ALTRUISMO, FANTASIA, <\/strong>\u00a0punte del tridente della mia bandiera.<\/p>\n<p><strong>Passione, <\/strong>per difendere con tutte le mie capacit\u00e0\u00a0 il\u00a0 Mare ,divenendo custode della complessit\u00e0 della sua vita. A tal fine eviter\u00f2 e combatter\u00f2 tutti gli atti, di terra e di mare, lesivi di questo equilibrio.<\/p>\n<p><strong>Fantasia <\/strong>per promuovere, con parole e fatti, la diffusione del principio in cui l\u2019acqua \u00e8 \u201cmatrice di vita\u201d, bene assoluto per il corpo e per lo spirito, patrimonio indiscutibile di tutti gli esseri viventi.<\/p>\n<p><strong>Altruismo<\/strong> per offrire a tutti sempre aiuto e ospitalit\u00e0 al momento del bisogno, prima che mi sia richiesto, senza aspettarmi nulla in cambio.<\/p>\n<p>Se proprietario di un animale mi faccio Suo portavoce e ne chiedo il riconoscimento come\u00a0\u201cLudonauta Fidelis\u201d<\/p>\n<p>&nbsp;<\/p>\n<blockquote><p><strong>La sottoscrizione non prevvede alcun impegno finanziari o di qual si voglia natura per contro, mi autorizza ad avvalermi di tutti i servizi contenuti nel sito e di quei vantaggi che il sodalizio svilupper\u00e0.<\/strong><\/p>\n<p><strong>Se riterrete di poter coinvolgere Amici, Associazioni, Circoli, Club &#8230;, sarete definiti \u201cLudonauti Fondatori\u201d.<\/strong><\/p><\/blockquote>\n","protected":false},"excerpt":{"rendered":"<p>Io Sottoscritto, prometto che difender\u00f2 il \u201cMare\u201de l&#8217;armonia dei suoi valori\u00a0 a Lui affido il mio cuore, i sogni le speranze, la vita. Rispetter\u00f2 la sua Furia, godr\u00f2 della sua [&hellip;]<\/p>\n","protected":false},"author":17,"featured_media":0,"parent":0,"menu_order":0,"comment_status":"open","ping_status":"closed","template":"page-full-width.php","meta":{"footnotes":""},"class_list":["post-2","page","type-page","status-publish","hentry"],"_links":{"self":[{"href":"https:\/\/www.lenuoverepubblichemarinare.it\/index.php?rest_route=\/wp\/v2\/pages\/2"}],"collection":[{"href":"https:\/\/www.lenuoverepubblichemarinare.it\/index.php?rest_route=\/wp\/v2\/pages"}],"about":[{"href":"https:\/\/www.lenuoverepubblichemarinare.it\/index.php?rest_route=\/wp\/v2\/types\/page"}],"author":[{"embeddable":true,"href":"https:\/\/www.lenuoverepubblichemarinare.it\/index.php?rest_route=\/wp\/v2\/users\/17"}],"replies":[{"embeddable":true,"href":"https:\/\/www.lenuoverepubblichemarinare.it\/index.php?rest_route=%2Fwp%2Fv2%2Fcomments&post=2"}],"version-history":[{"count":2,"href":"https:\/\/www.lenuoverepubblichemarinare.it\/index.php?rest_route=\/wp\/v2\/pages\/2\/revisions"}],"predecessor-version":[{"id":277,"href":"https:\/\/www.lenuoverepubblichemarinare.it\/index.php?rest_route=\/wp\/v2\/pages\/2\/revisions\/277"}],"wp:attachment":[{"href":"https:\/\/www.lenuoverepubblichemarinare.it\/index.php?rest_route=%2Fwp%2Fv2%2Fmedia&parent=2"}],"curies":[{"name":"wp","href":"https:\/\/api.w.org\/{rel}","templated":true}]}}